{"id":1022,"date":"2012-09-04T08:49:43","date_gmt":"2012-09-04T08:49:43","guid":{"rendered":"http:\/\/winners.net.pl\/?page_id=1022"},"modified":"2026-03-22T22:15:18","modified_gmt":"2026-03-22T22:15:18","slug":"zapisy-do-szkolki-tenisowej","status":"publish","type":"page","link":"https:\/\/winners.net.pl\/?page_id=1022","title":{"rendered":"Zapisy do Szk\u00f3\u0142ki Tenisowej"},"content":{"rendered":"<h1 style=\"text-align: center;\"><span style=\"color: #000000;\">GRAMY<\/span><\/h1>\n<p><a href=\"http:\/\/winners.net.pl\/wp-content\/uploads\/2012\/09\/du\u017ca-rakieta.jpg\"><img loading=\"lazy\" decoding=\"async\" class=\"aligncenter size-medium wp-image-1430\" src=\"http:\/\/winners.net.pl\/wp-content\/uploads\/2012\/09\/du\u017ca-rakieta-300x249.jpg\" alt=\"du\u017ca rakieta\" width=\"300\" height=\"249\" srcset=\"https:\/\/winners.net.pl\/wp-content\/uploads\/2012\/09\/du\u017ca-rakieta-300x249.jpg 300w, https:\/\/winners.net.pl\/wp-content\/uploads\/2012\/09\/du\u017ca-rakieta-1024x852.jpg 1024w, https:\/\/winners.net.pl\/wp-content\/uploads\/2012\/09\/du\u017ca-rakieta-240x199.jpg 240w, https:\/\/winners.net.pl\/wp-content\/uploads\/2012\/09\/du\u017ca-rakieta-430x357.jpg 430w, https:\/\/winners.net.pl\/wp-content\/uploads\/2012\/09\/du\u017ca-rakieta-1500x1248.jpg 1500w\" sizes=\"auto, (max-width: 300px) 100vw, 300px\" \/><\/a><\/p>\n<h1 style=\"text-align: center;\"><strong>I WYGRYWAMY<\/strong><\/h1>\n<p><a href=\"http:\/\/winners.net.pl\/wp-content\/uploads\/2012\/09\/3foty.jpg\"><img loading=\"lazy\" decoding=\"async\" class=\"aligncenter size-medium wp-image-1429\" src=\"http:\/\/winners.net.pl\/wp-content\/uploads\/2012\/09\/3foty-300x125.jpg\" alt=\"3foty\" width=\"300\" height=\"125\" srcset=\"https:\/\/winners.net.pl\/wp-content\/uploads\/2012\/09\/3foty-300x125.jpg 300w, https:\/\/winners.net.pl\/wp-content\/uploads\/2012\/09\/3foty-1024x427.jpg 1024w, https:\/\/winners.net.pl\/wp-content\/uploads\/2012\/09\/3foty-240x100.jpg 240w, https:\/\/winners.net.pl\/wp-content\/uploads\/2012\/09\/3foty-430x179.jpg 430w, https:\/\/winners.net.pl\/wp-content\/uploads\/2012\/09\/3foty-1500x626.jpg 1500w\" sizes=\"auto, (max-width: 300px) 100vw, 300px\" \/><\/a><\/p>\n<p align=\"center\"><strong><span style=\"color: #000000;\"><span style=\"font-family: Bodoni MT Black,serif;\"><span style=\"font-size: x-large;\">ZAPISY DO SZKO\u0141Y TENISA<\/span><\/span><\/span><\/strong><\/p>\n<p align=\"center\"><span style=\"color: #ffff00;\"><span style=\"font-family: Berlin Sans FB Demi, sans-serif;\"><span style=\"font-size: xx-large;\"><span style=\"color: #000000;\">tel. <strong>502 387 234<\/strong><\/span><\/span><\/span><\/span><\/p>\n<h3 align=\"center\">wolniak@outlook.com<\/h3>\n<p align=\"center\"><span style=\"color: #00ffff;\"><span style=\"font-family: Arial Black,sans-serif;\"><span style=\"font-size: xx-large;\"><span style=\"font-size: x-large;\"><span style=\"color: #000000;\">\u0141\u00f3d\u017a<\/span> <span style=\"color: #000000;\">ul. Turoszowska 10<\/span><\/span><\/span><\/span><\/span><\/p>\n<p align=\"center\"><span style=\"color: #000000;\"><span style=\"font-family: Aharoni;\"><span style=\"font-size: xx-large;\">www.winners.net.pl<\/span><\/span><\/span><\/p>\n<p style=\"text-align: center;\">\u00a0<a href=\"http:\/\/winners.net.pl\/wp-content\/uploads\/2012\/09\/dzieci.jpg\"><img loading=\"lazy\" decoding=\"async\" class=\"aligncenter size-medium wp-image-1052\" title=\"dzieci\" src=\"http:\/\/winners.net.pl\/wp-content\/uploads\/2012\/09\/dzieci-300x225.jpg\" alt=\"\" width=\"300\" height=\"225\" srcset=\"https:\/\/winners.net.pl\/wp-content\/uploads\/2012\/09\/dzieci-300x225.jpg 300w, https:\/\/winners.net.pl\/wp-content\/uploads\/2012\/09\/dzieci-1024x768.jpg 1024w, https:\/\/winners.net.pl\/wp-content\/uploads\/2012\/09\/dzieci-240x180.jpg 240w, https:\/\/winners.net.pl\/wp-content\/uploads\/2012\/09\/dzieci-430x322.jpg 430w, https:\/\/winners.net.pl\/wp-content\/uploads\/2012\/09\/dzieci.jpg 1200w\" sizes=\"auto, (max-width: 300px) 100vw, 300px\" \/><\/a><\/p>\n","protected":false},"excerpt":{"rendered":"<p>GRAMY I WYGRYWAMY ZAPISY DO SZKO\u0141Y TENISA tel. 502 387 234 wolniak@outlook.com \u0141\u00f3d\u017a ul. Turoszowska 10 www.winners.net.pl \u00a0<\/p>\n","protected":false},"author":1,"featured_media":0,"parent":0,"menu_order":0,"comment_status":"closed","ping_status":"open","template":"","meta":{"footnotes":""},"class_list":["post-1022","page","type-page","status-publish","hentry"],"_links":{"self":[{"href":"https:\/\/winners.net.pl\/index.php?rest_route=\/wp\/v2\/pages\/1022","targetHints":{"allow":["GET"]}}],"collection":[{"href":"https:\/\/winners.net.pl\/index.php?rest_route=\/wp\/v2\/pages"}],"about":[{"href":"https:\/\/winners.net.pl\/index.php?rest_route=\/wp\/v2\/types\/page"}],"author":[{"embeddable":true,"href":"https:\/\/winners.net.pl\/index.php?rest_route=\/wp\/v2\/users\/1"}],"replies":[{"embeddable":true,"href":"https:\/\/winners.net.pl\/index.php?rest_route=%2Fwp%2Fv2%2Fcomments&post=1022"}],"version-history":[{"count":16,"href":"https:\/\/winners.net.pl\/index.php?rest_route=\/wp\/v2\/pages\/1022\/revisions"}],"predecessor-version":[{"id":1763,"href":"https:\/\/winners.net.pl\/index.php?rest_route=\/wp\/v2\/pages\/1022\/revisions\/1763"}],"wp:attachment":[{"href":"https:\/\/winners.net.pl\/index.php?rest_route=%2Fwp%2Fv2%2Fmedia&parent=1022"}],"curies":[{"name":"wp","href":"https:\/\/api.w.org\/{rel}","templated":true}]}}