{"id":196,"date":"2011-09-28T19:35:02","date_gmt":"2011-09-28T19:35:02","guid":{"rendered":"http:\/\/www.kriesi.at\/themes\/flashlight\/?page_id=10"},"modified":"2026-03-22T22:21:09","modified_gmt":"2026-03-22T22:21:09","slug":"contact","status":"publish","type":"page","link":"https:\/\/winners.net.pl\/?page_id=196","title":{"rendered":"Kontakt"},"content":{"rendered":"<p>Je\u015bli masz do nas pytania skontaktuj si\u0119 z nami telefonicznie.<\/p>\n<p>Adres:<\/p>\n<p>Szko\u0142a Podstawowa nr 56<\/p>\n<p>\u0141\u00d3D\u0179 ul. Turoszowska 10<\/p>\n<p>tel. Jarek\u00a0\u00a0 502 387 234<br \/>\ntel. Sylwia\u00a0 508 089 519<\/p>\n","protected":false},"excerpt":{"rendered":"<p>Je\u015bli masz do nas pytania skontaktuj si\u0119 z nami telefonicznie. Adres: Szko\u0142a Podstawowa nr 56 \u0141\u00d3D\u0179 ul. Turoszowska 10 tel. Jarek\u00a0\u00a0 502 387 234 tel. Sylwia\u00a0 508 089 519<\/p>\n","protected":false},"author":1,"featured_media":0,"parent":0,"menu_order":0,"comment_status":"open","ping_status":"open","template":"","meta":{"footnotes":""},"class_list":["post-196","page","type-page","status-publish","hentry"],"_links":{"self":[{"href":"https:\/\/winners.net.pl\/index.php?rest_route=\/wp\/v2\/pages\/196","targetHints":{"allow":["GET"]}}],"collection":[{"href":"https:\/\/winners.net.pl\/index.php?rest_route=\/wp\/v2\/pages"}],"about":[{"href":"https:\/\/winners.net.pl\/index.php?rest_route=\/wp\/v2\/types\/page"}],"author":[{"embeddable":true,"href":"https:\/\/winners.net.pl\/index.php?rest_route=\/wp\/v2\/users\/1"}],"replies":[{"embeddable":true,"href":"https:\/\/winners.net.pl\/index.php?rest_route=%2Fwp%2Fv2%2Fcomments&post=196"}],"version-history":[{"count":15,"href":"https:\/\/winners.net.pl\/index.php?rest_route=\/wp\/v2\/pages\/196\/revisions"}],"predecessor-version":[{"id":1764,"href":"https:\/\/winners.net.pl\/index.php?rest_route=\/wp\/v2\/pages\/196\/revisions\/1764"}],"wp:attachment":[{"href":"https:\/\/winners.net.pl\/index.php?rest_route=%2Fwp%2Fv2%2Fmedia&parent=196"}],"curies":[{"name":"wp","href":"https:\/\/api.w.org\/{rel}","templated":true}]}}