{"id":231,"date":"2012-01-16T16:48:20","date_gmt":"2012-01-16T16:48:20","guid":{"rendered":"http:\/\/winners.net.pl\/?page_id=231"},"modified":"2026-03-22T22:11:22","modified_gmt":"2026-03-22T22:11:22","slug":"o-nas","status":"publish","type":"page","link":"https:\/\/winners.net.pl\/?page_id=231","title":{"rendered":"O Nas"},"content":{"rendered":"<p>W 2006 roku za\u0142o\u017cyli\u015bmy Szko\u0142\u0119 Tenisa \u201dWINNERS\u201d \u2013 Jarek i Sylwia Wolniak. Tenis jest nasz\u0105\u00a0 \u017cyciow\u0105 pasj\u0105 i sposobem na \u017cycie. Chcemy pomaga\u0107 innym poznawa\u0107 tajniki tej gry oraz promowa\u0107 aktywne sp\u0119dzanie wolnego czasu.<br \/>\nNasza oferta jest skierowana do wszystkich lubi\u0105cych mi\u0142o i aktywnie sp\u0119dza\u0107 czas. Od pocz\u0105tku dzia\u0142alno\u015bci zajmujemy si\u0119 szkoleniem dzieci i m\u0142odzie\u017cy oraz\u00a0 nauk\u0105 os\u00f3b doros\u0142ych.<br \/>\n\u2022\u00a0\u00a0 \u00a0 zaj\u0119cia grupowe dla dzieci i m\u0142odzie\u017cy ( du\u017co gry i zabawy )<br \/>\n\u2022\u00a0\u00a0 \u00a0 mini \u2013 , midi \u2013 , makro \u2013 tenis\u00a0 r\u00f3wnie\u017c wed\u0142ug program\u00f3w ITF Play &amp; STAY oraz Tenis 10<br \/>\n\u2022\u00a0\u00a0 \u00a0 zaj\u0119cia indywidualne dla dzieci i m\u0142odzie\u017cy ( technika )<br \/>\n\u2022\u00a0\u00a0 \u00a0 zaj\u0119cia indywidualne dla doros\u0142ych<br \/>\n\u2022\u00a0\u00a0 \u00a0 sparingi dla graczy zaawansowanych<br \/>\n\u2022\u00a0\u00a0 \u00a0 grupowe zaj\u0119cia dla firm , kt\u00f3re poszukuj\u0105 dla pracownik\u00f3w aktywnych form sp\u0119dzania wolnego czasu integruj\u0105cych zesp\u00f3\u0142 poza godzinami pracy.<br \/>\nTreningi Szko\u0142y Tenisa \u201dWinners\u201d prowadzimy na kortach SP 56 w \u0141odzi ul. Turoszowska 10 ( sezon letni), Korty Nowosolna, korty AZS i Eurotenis (sezon zimowy).<br \/>\nDla wszystkich chc\u0105cych si\u0119 uczy\u0107 gry w tenisa a nie posiadaj\u0105cych w\u0142asnego sprz\u0119tu oferujemy bezp\u0142atne wypo\u017cyczenie rakiet tenisowych.<br \/>\nProwadzimy r\u00f3wnie\u017c serwis rakiet do tenisa , squasha , badmintona ,\u00a0 a tak\u017ce doradztwo techniczne przy wyborze sprz\u0119tu.<\/p>\n","protected":false},"excerpt":{"rendered":"<p>W 2006 roku za\u0142o\u017cyli\u015bmy Szko\u0142\u0119 Tenisa \u201dWINNERS\u201d \u2013 Jarek i Sylwia Wolniak. Tenis jest nasz\u0105\u00a0 \u017cyciow\u0105 pasj\u0105 i sposobem na \u017cycie. Chcemy pomaga\u0107 innym poznawa\u0107 tajniki tej gry oraz promowa\u0107 aktywne sp\u0119dzanie wolnego czasu. Nasza oferta jest skierowana do wszystkich lubi\u0105cych mi\u0142o i aktywnie sp\u0119dza\u0107 czas. Od pocz\u0105tku dzia\u0142alno\u015bci zajmujemy si\u0119 szkoleniem dzieci i m\u0142odzie\u017cy [&hellip;]<\/p>\n","protected":false},"author":1,"featured_media":0,"parent":0,"menu_order":0,"comment_status":"closed","ping_status":"open","template":"","meta":{"footnotes":""},"class_list":["post-231","page","type-page","status-publish","hentry"],"_links":{"self":[{"href":"https:\/\/winners.net.pl\/index.php?rest_route=\/wp\/v2\/pages\/231","targetHints":{"allow":["GET"]}}],"collection":[{"href":"https:\/\/winners.net.pl\/index.php?rest_route=\/wp\/v2\/pages"}],"about":[{"href":"https:\/\/winners.net.pl\/index.php?rest_route=\/wp\/v2\/types\/page"}],"author":[{"embeddable":true,"href":"https:\/\/winners.net.pl\/index.php?rest_route=\/wp\/v2\/users\/1"}],"replies":[{"embeddable":true,"href":"https:\/\/winners.net.pl\/index.php?rest_route=%2Fwp%2Fv2%2Fcomments&post=231"}],"version-history":[{"count":8,"href":"https:\/\/winners.net.pl\/index.php?rest_route=\/wp\/v2\/pages\/231\/revisions"}],"predecessor-version":[{"id":1762,"href":"https:\/\/winners.net.pl\/index.php?rest_route=\/wp\/v2\/pages\/231\/revisions\/1762"}],"wp:attachment":[{"href":"https:\/\/winners.net.pl\/index.php?rest_route=%2Fwp%2Fv2%2Fmedia&parent=231"}],"curies":[{"name":"wp","href":"https:\/\/api.w.org\/{rel}","templated":true}]}}