{"id":345,"date":"2012-01-17T09:37:01","date_gmt":"2012-01-17T09:37:01","guid":{"rendered":"http:\/\/winners.net.pl\/?page_id=345"},"modified":"2024-04-01T09:27:45","modified_gmt":"2024-04-01T09:27:45","slug":"1-2","status":"publish","type":"page","link":"https:\/\/winners.net.pl\/?page_id=345","title":{"rendered":"1,5 %"},"content":{"rendered":"<h2 style=\"text-align: center;\"><span style=\"color: #000000;\">TWOJE 1,5% POMO\u017bE DZIECIOM<\/span><\/h2>\n<h2 style=\"text-align: center;\"><span style=\"color: #000000;\">ROZWIJA\u0106 SWOJ\u0104 PASJ\u0118<\/span><\/h2>\n<h5 style=\"text-align: center;\"><\/h5>\n<p align=\"center\"><strong>Szko\u0142a Tenisa \u2018\u2019WINNERS\u201d w \u0141odzi dzia\u0142a od 2006 roku.<\/strong><\/p>\n<p align=\"center\"><strong>Zajmuje si\u0119 szkoleniem dzieci i m\u0142odzie\u017cy. <\/strong><\/p>\n<p align=\"center\"><strong>Wychowankowie Szko\u0142y Winners uczestnicz\u0105 <\/strong><\/p>\n<p align=\"center\"><strong>w zawodach na arenie krajowej i mi\u0119dzynarodowej.<\/strong><\/p>\n<p align=\"center\"><strong>Zdobywaj\u0105 medale Mistrzostw Polski i Mistrzostw Wojew\u00f3dztwa.<\/strong><\/p>\n<p align=\"center\">\n<p align=\"center\"><strong>\u00a0Aby przekaza\u0107 1,5% podatku<\/strong> <strong>wystarczy wpisa\u0107 w odpowiedni\u0105 <\/strong><\/p>\n<p align=\"center\"><strong>rubryk\u0119 formularza PIT w<\/strong> <strong>rocznym zeznaniu podatkowym<\/strong><\/p>\n<p align=\"center\"><strong>( PIT-36, PIT -36L, PIT-37, PIT 38, lub PIT-28 ) podaj\u0105c :<\/strong><\/p>\n<h2>\u00a0\u00a0\u00a0\u00a0 &#8211;\u00a0\u00a0\u00a0\u00a0\u00a0\u00a0\u00a0 <strong>numer KRS:\u00a0 0000197334<\/strong><\/h2>\n<h2>\u00a0\u00a0\u00a0\u00a0 &#8211;\u00a0\u00a0\u00a0\u00a0\u00a0\u00a0\u00a0 <strong>kwot\u0119 1,5%<\/strong><\/h2>\n<p><strong>\u00a0<\/strong><\/p>\n<p><strong>\u00a0\u00a0\u00a0\u00a0\u00a0\u00a0\u00a0\u00a0\u00a0\u00a0\u00a0\u00a0\u00a0\u00a0\u00a0 W rubryce Informacje Uzupe\u0142niaj\u0105ce <\/strong><strong>( PIT-28 &#8211; poz. 125-129, <\/strong><\/p>\n<p><strong>\u00a0\u00a0\u00a0\u00a0\u00a0\u00a0\u00a0\u00a0\u00a0\u00a0\u00a0 PIT- 36 &#8211; poz. 301-305, PIT-36L- poz. 104-108, <\/strong><\/p>\n<p><strong>\u00a0\u00a0\u00a0\u00a0\u00a0\u00a0\u00a0\u00a0\u00a0\u00a0\u00a0 PIT-37 poz.122-126, PIT-38 poz. 57-61)<\/strong><strong>\u00a0 <\/strong><strong>wskaza\u0107 konkretny cel<\/strong><\/p>\n<p><strong>\u00a0\u00a0\u00a0\u00a0\u00a0\u00a0\u00a0\u00a0\u00a0\u00a0\u00a0 <\/strong>&#8211;<strong>wpisa\u0107 nazw\u0119 klubu sportowego i adres , <\/strong><strong>( imi\u0119 i nazwisko dziecka )<\/strong><\/p>\n<table border=\"1\" cellspacing=\"0\" cellpadding=\"0\">\n<tbody>\n<tr>\n<td colspan=\"4\" width=\"720\"><strong>H. WNIOSEK O PRZEKAZANIE 1,5% PODATKU NALE\u017bNEGO NA RZECZ ORGANIZACJI PO\u017bYTKU PUBLICZNEGO (OPP)<\/strong><strong>Nale\u017cy poda\u0107 numer wpisu do Krajowego Rejestru S\u0105dowego (Numer KRS)organizacji wybranej z wykazu oraz wysoko\u015b\u0107 kwoty na jej rzecz.<\/strong><\/td>\n<\/tr>\n<tr>\n<td><\/td>\n<td valign=\"top\" width=\"183\">\n<h3><strong>122. Numer KRS\u00a0 <span style=\"color: #ff6600;\">0000197334<\/span><\/strong><\/h3>\n<\/td>\n<td valign=\"top\" width=\"339\"><strong>Wnioskowana kwota<\/strong><strong>Kwota z poz. 123 nie mo\u017ce przekroczy\u0107 1,5% kwoty z poz. 118 po zaokr\u0105gleniu do pe\u0142nych dziesi\u0105tek groszy w d\u00f3\u0142.<\/strong><\/td>\n<td valign=\"top\" width=\"196\"><strong>123.\u00a0\u00a0\u00a0\u00a0\u00a0\u00a0\u00a0\u00a0\u00a0\u00a0\u00a0\u00a0\u00a0\u00a0\u00a0<\/strong>np.\u00a0\u00a0\u00a0\u00a0\u00a0\u00a0 223\u00a0 <strong>z\u0142.\u00a0\u00a0\u00a0<\/strong><strong>70<\/strong><strong>\u00a0\u00a0gr. <\/strong><\/td>\n<\/tr>\n<\/tbody>\n<\/table>\n<p><strong>\u00a0I.INFORMACJE UZUPE\u0141NIAJ\u0104CE <\/strong><strong>Podatnicy, kt\u00f3rzy wype\u0142nili cz\u0119\u015b\u0107 H, w poz. 124 mog\u0105 poda\u0107 cel szczeg\u00f3\u0142owy 1,5%., a zaznaczaj\u0105c kwadrat w pozycji 125 wyrazi\u0107 zgod\u0119 na\u00a0 przekazanie OPP swojego imienia , nazwiska In adresu wraz z informacj\u0105 o kwocie\u00a0 z poz. 123. W pozycji 126 mo\u017cna poda\u0107 dodatkowo informacj\u0119, np. u\u0142atwiaj\u0105ce kontakt z podatnikiem (telefon, e-mail).<\/strong><\/p>\n<table border=\"1\" cellspacing=\"0\" cellpadding=\"0\">\n<tbody>\n<tr>\n<td colspan=\"2\" valign=\"top\" width=\"720\">\n<h3><strong>\u00a0124. Cel szczeg\u00f3\u0142owy 1,5%\u00a0\u00a0\u00a0\u00a0 <\/strong><span style=\"color: #ff6600;\">WINNERS Szko\u0142a Tenisa<\/span> 91-495 \u0141\u00f3d\u017a ul. Sitowie 18\/37<\/h3>\n<p>( nazwisko dziecka )<\/td>\n<\/tr>\n<tr>\n<td valign=\"top\" width=\"501\"><strong>\u00a0126.<\/strong><\/td>\n<td valign=\"top\" width=\"219\"><strong>125.\u00a0 Wyra\u017cam zgod\u0119 \u00a0\u00a0\u00a0\u00a0\u00a0\u00a0\u00a0\u00a0\u00a0\u00a0\u00a0\u00a0\u00a0\u00a0\u00a0<\/strong>\u00a0\u00a0\u00a0\u00a0\u00a0\u00a0\u00a0\u00a0\u00a0\u00a0\u00a0 X<\/td>\n<\/tr>\n<\/tbody>\n<\/table>\n<p><strong>\u00a0<\/strong><\/p>\n<p align=\"center\"><strong>www.winners.net.pl\u00a0 \u00a0 \u00a0 \u00a0\u00a0<\/strong><\/p>\n","protected":false},"excerpt":{"rendered":"<p>TWOJE 1,5% POMO\u017bE DZIECIOM ROZWIJA\u0106 SWOJ\u0104 PASJ\u0118 Szko\u0142a Tenisa \u2018\u2019WINNERS\u201d w \u0141odzi dzia\u0142a od 2006 roku. Zajmuje si\u0119 szkoleniem dzieci i m\u0142odzie\u017cy. Wychowankowie Szko\u0142y Winners uczestnicz\u0105 w zawodach na arenie krajowej i mi\u0119dzynarodowej. Zdobywaj\u0105 medale Mistrzostw Polski i Mistrzostw Wojew\u00f3dztwa. \u00a0Aby przekaza\u0107 1,5% podatku wystarczy wpisa\u0107 w odpowiedni\u0105 rubryk\u0119 formularza PIT w rocznym zeznaniu podatkowym [&hellip;]<\/p>\n","protected":false},"author":1,"featured_media":0,"parent":0,"menu_order":0,"comment_status":"closed","ping_status":"open","template":"","meta":{"footnotes":""},"class_list":["post-345","page","type-page","status-publish","hentry"],"_links":{"self":[{"href":"https:\/\/winners.net.pl\/index.php?rest_route=\/wp\/v2\/pages\/345","targetHints":{"allow":["GET"]}}],"collection":[{"href":"https:\/\/winners.net.pl\/index.php?rest_route=\/wp\/v2\/pages"}],"about":[{"href":"https:\/\/winners.net.pl\/index.php?rest_route=\/wp\/v2\/types\/page"}],"author":[{"embeddable":true,"href":"https:\/\/winners.net.pl\/index.php?rest_route=\/wp\/v2\/users\/1"}],"replies":[{"embeddable":true,"href":"https:\/\/winners.net.pl\/index.php?rest_route=%2Fwp%2Fv2%2Fcomments&post=345"}],"version-history":[{"count":12,"href":"https:\/\/winners.net.pl\/index.php?rest_route=\/wp\/v2\/pages\/345\/revisions"}],"predecessor-version":[{"id":1716,"href":"https:\/\/winners.net.pl\/index.php?rest_route=\/wp\/v2\/pages\/345\/revisions\/1716"}],"wp:attachment":[{"href":"https:\/\/winners.net.pl\/index.php?rest_route=%2Fwp%2Fv2%2Fmedia&parent=345"}],"curies":[{"name":"wp","href":"https:\/\/api.w.org\/{rel}","templated":true}]}}